{"id":3537,"date":"2025-07-09T21:00:31","date_gmt":"2025-07-09T21:00:31","guid":{"rendered":"https:\/\/ponchoinsurance.com\/politica-de-privacidad\/"},"modified":"2025-11-27T17:04:07","modified_gmt":"2025-11-27T17:04:07","slug":"politica-de-privacidad","status":"publish","type":"page","link":"https:\/\/ponchoinsurance.com\/es\/politica-de-privacidad\/","title":{"rendered":"Pol\u00edtica de privacidad"},"content":{"rendered":"\t\t<div data-elementor-type=\"wp-page\" data-elementor-id=\"3537\" class=\"elementor elementor-3537 elementor-3\" data-elementor-post-type=\"page\">\n\t\t\t\t<div class=\"elementor-element elementor-element-f0d4365 e-con-full e-flex e-con e-parent\" data-id=\"f0d4365\" data-element_type=\"container\" data-e-type=\"container\" data-settings=\"{&quot;background_background&quot;:&quot;classic&quot;}\">\n\t\t\t\t<\/div>\n\t\t<div class=\"elementor-element elementor-element-dbd3ab1 e-flex e-con-boxed e-con e-parent\" data-id=\"dbd3ab1\" data-element_type=\"container\" data-e-type=\"container\" data-settings=\"{&quot;background_background&quot;:&quot;classic&quot;}\">\n\t\t\t\t\t<div class=\"e-con-inner\">\n\t\t<div class=\"elementor-element elementor-element-96067a8 e-con-full e-flex e-con e-child\" data-id=\"96067a8\" data-element_type=\"container\" data-e-type=\"container\" data-settings=\"{&quot;background_background&quot;:&quot;classic&quot;}\">\n\t\t\t\t<div class=\"elementor-element elementor-element-fefa551 elementor-widget__width-initial elementor-widget elementor-widget-heading\" data-id=\"fefa551\" data-element_type=\"widget\" data-e-type=\"widget\" data-widget_type=\"heading.default\">\n\t\t\t\t\t<h1 class=\"elementor-heading-title elementor-size-default\">Pol\u00edtica de privacidad<\/h1>\t\t\t\t<\/div>\n\t\t\t\t<div class=\"elementor-element elementor-element-e6b26df elementor-icon-list--layout-inline elementor-align-center elementor-list-item-link-full_width elementor-widget elementor-widget-icon-list\" data-id=\"e6b26df\" data-element_type=\"widget\" data-e-type=\"widget\" data-widget_type=\"icon-list.default\">\n\t\t\t\t\t\t\t<ul class=\"elementor-icon-list-items elementor-inline-items\">\n\t\t\t\t\t\t\t<li class=\"elementor-icon-list-item elementor-inline-item\">\n\t\t\t\t\t\t\t\t\t\t<span class=\"elementor-icon-list-text\">\u00daltima actualizaci\u00f3n:<\/span>\n\t\t\t\t\t\t\t\t\t<\/li>\n\t\t\t\t\t\t\t\t<li class=\"elementor-icon-list-item elementor-inline-item\">\n\t\t\t\t\t\t\t\t\t\t\t<span class=\"elementor-icon-list-icon\">\n\t\t\t\t\t\t\t<svg aria-hidden=\"true\" class=\"e-font-icon-svg e-fas-circle\" viewBox=\"0 0 512 512\" xmlns=\"http:\/\/www.w3.org\/2000\/svg\"><path d=\"M256 8C119 8 8 119 8 256s111 248 248 248 248-111 248-248S393 8 256 8z\"><\/path><\/svg>\t\t\t\t\t\t<\/span>\n\t\t\t\t\t\t\t\t\t\t<span class=\"elementor-icon-list-text\">21\/08\/2025<\/span>\n\t\t\t\t\t\t\t\t\t<\/li>\n\t\t\t\t\t\t<\/ul>\n\t\t\t\t\t\t<\/div>\n\t\t\t\t<div class=\"elementor-element elementor-element-a32e257 elementor-widget__width-inherit elementor-widget-divider--view-line elementor-widget elementor-widget-divider\" data-id=\"a32e257\" data-element_type=\"widget\" data-e-type=\"widget\" data-widget_type=\"divider.default\">\n\t\t\t\t\t\t\t<div class=\"elementor-divider\">\n\t\t\t<span class=\"elementor-divider-separator\">\n\t\t\t\t\t\t<\/span>\n\t\t<\/div>\n\t\t\t\t\t\t<\/div>\n\t\t\t\t<div class=\"elementor-element elementor-element-8fde9f9 elementor-widget elementor-widget-text-editor\" data-id=\"8fde9f9\" data-element_type=\"widget\" data-e-type=\"widget\" data-widget_type=\"text-editor.default\">\n\t\t\t\t\t\t\t\t\t<h2><b>Recopilaci\u00f3n y uso de informaci\u00f3n<\/b><\/h2><p><span style=\"font-weight: 400;\">Recopilamos varios tipos diferentes de informaci\u00f3n con diversos fines para proporcionarle y mejorar nuestro Servicio. Esto puede incluir, pero no se limita a: Direcci\u00f3n de correo electr\u00f3nico, nombre y apellido, n\u00famero de tel\u00e9fono, direcci\u00f3n, estado, provincia, c\u00f3digo postal, ciudad, cookies y datos de uso.<\/span><\/p><h2><b>Uso de datos<\/b><\/h2><p><span style=\"font-weight: 400;\">Poncho Insurance utiliza los datos recopilados para diversos fines:<\/span><\/p><ul><li style=\"font-weight: 400;\" aria-level=\"1\"><span style=\"font-weight: 400;\">Para proporcionar y mantener nuestro Servicio<\/span><\/li><li style=\"font-weight: 400;\" aria-level=\"1\"><span style=\"font-weight: 400;\">Para notificarle sobre cambios en nuestro Servicio<\/span><\/li><li style=\"font-weight: 400;\" aria-level=\"1\"><span style=\"font-weight: 400;\">Para permitirle participar en funciones interactivas de nuestro Servicio cuando elija hacerlo<\/span><\/li><li style=\"font-weight: 400;\" aria-level=\"1\"><span style=\"font-weight: 400;\">Para proporcionar atenci\u00f3n al cliente<\/span><\/li><li style=\"font-weight: 400;\" aria-level=\"1\"><span style=\"font-weight: 400;\">Para recopilar an\u00e1lisis o informaci\u00f3n valiosa que nos permita mejorar nuestro Servicio<\/span><\/li><li style=\"font-weight: 400;\" aria-level=\"1\"><span style=\"font-weight: 400;\">Para supervisar el uso de nuestro Servicio<\/span><\/li><li style=\"font-weight: 400;\" aria-level=\"1\"><span style=\"font-weight: 400;\">Para detectar, prevenir y abordar problemas t\u00e9cnicos<\/span><\/li><li style=\"font-weight: 400;\" aria-level=\"1\"><span style=\"font-weight: 400;\">Para proporcionarle noticias, ofertas especiales e informaci\u00f3n general sobre otros bienes, servicios y eventos que ofrecemos que son similares a los que ya ha comprado o sobre los que ha preguntado, a menos que haya optado por no recibir dicha informaci\u00f3n<\/span><\/li><\/ul><h2><b>Seguridad de los datos<\/b><\/h2><p><span style=\"font-weight: 400;\">La seguridad de sus datos es importante para nosotros, pero recuerde que ning\u00fan m\u00e9todo de transmisi\u00f3n a trav\u00e9s de Internet o m\u00e9todo de almacenamiento electr\u00f3nico es 100% seguro. Si bien nos esforzamos por utilizar medios comercialmente aceptables para proteger sus Datos Personales, no podemos garantizar su absoluta seguridad. <\/span><\/p><h2><b>Cambios en esta Pol\u00edtica de Privacidad<\/b><\/h2><p><span style=\"font-weight: 400;\">Es posible que actualicemos nuestra Pol\u00edtica de Privacidad de vez en cuando. Le notificaremos cualquier cambio publicando la nueva Pol\u00edtica de Privacidad en esta p\u00e1gina. Le informaremos por correo electr\u00f3nico y\/o mediante un aviso destacado en nuestro Servicio, antes de que el cambio entre en vigor y actualizaremos la \u00abfecha de entrada en vigor\u00bb en la parte superior de esta Pol\u00edtica de Privacidad. Se le aconseja revisar esta Pol\u00edtica de Privacidad peri\u00f3dicamente para detectar cualquier cambio. Los cambios a esta Pol\u00edtica de Privacidad entran en vigor cuando se publican en esta p\u00e1gina.    <\/span><\/p><h2><b>Cont\u00e1ctenos<\/b><\/h2><p><span style=\"font-weight: 400;\">Si tiene alguna pregunta sobre esta Pol\u00edtica de Privacidad, p\u00f3ngase en contacto con nosotros:<\/span><\/p><ul><li style=\"font-weight: 400;\" aria-level=\"1\"><span style=\"font-weight: 400;\">Por correo electr\u00f3nico: <a class=\"_ymio1r31 _ypr0glyw _zcxs1o36 _mizu194a _1ah3dkaa _ra3xnqa1 _128mdkaa _1cvmnqa1 _4davt94y _4bfu18uv _1hms8stv _ajmmnqa1 _vchhusvi _kqswh2mm _syaz13af _ect41gqc _1a3b18uv _4fpr8stv _5goinqa1 _f8pj13af _9oik18uv _1bnxglyw _jf4cnqa1 _30l313af _1nrm18uv _c2waglyw _1iohnqa1 _9h8h12zz _10531ra0 _1ien1ra0 _n0fx1ra0 _1vhv17z1\" title=\"mailto:support@insuredbyponcho.com\" href=\"mailto:support@insuredbyponcho.com\" data-renderer-mark=\"true\">support@insuredbyponcho.com<\/a><\/span><\/li><li style=\"font-weight: 400;\" aria-level=\"1\"><span style=\"font-weight: 400;\">Por n\u00famero de tel\u00e9fono: (407) 750-8800<\/span><\/li><\/ul>\t\t\t\t\t\t\t\t<\/div>\n\t\t\t\t<\/div>\n\t\t\t\t\t<\/div>\n\t\t\t\t<\/div>\n\t\t\t\t<\/div>\n\t\t","protected":false},"excerpt":{"rendered":"<p>Pol\u00edtica de privacidad \u00daltima actualizaci\u00f3n: 21\/08\/2025 Recopilaci\u00f3n y uso de informaci\u00f3n Recopilamos varios tipos diferentes de informaci\u00f3n con diversos fines para proporcionarle y mejorar nuestro Servicio. Esto puede incluir, pero no se limita a: Direcci\u00f3n de correo electr\u00f3nico, nombre y apellido, n\u00famero de tel\u00e9fono, direcci\u00f3n, estado, provincia, c\u00f3digo postal, ciudad, cookies y datos de uso. [&hellip;]<\/p>\n","protected":false},"author":1,"featured_media":3480,"parent":0,"menu_order":0,"comment_status":"closed","ping_status":"open","template":"","meta":{"footnotes":""},"class_list":["post-3537","page","type-page","status-publish","has-post-thumbnail","hentry"],"yoast_head":"<!-- This site is optimized with the Yoast SEO plugin v27.4 - https:\/\/yoast.com\/product\/yoast-seo-wordpress\/ -->\n<title>Pol\u00edtica de privacidad - Seguros Poncho<\/title>\n<meta name=\"description\" content=\"Recopilamos varios tipos diferentes de informaci\u00f3n con diversos fines para proporcionarle y mejorar nuestro Servicio.\" \/>\n<meta name=\"robots\" content=\"index, follow, max-snippet:-1, max-image-preview:large, max-video-preview:-1\" \/>\n<link rel=\"canonical\" href=\"https:\/\/ponchoinsurance.com\/es\/politica-de-privacidad\/\" \/>\n<meta property=\"og:locale\" content=\"es_ES\" \/>\n<meta property=\"og:type\" content=\"article\" \/>\n<meta property=\"og:title\" content=\"Pol\u00edtica de privacidad - Seguros Poncho\" \/>\n<meta property=\"og:description\" content=\"Recopilamos varios tipos diferentes de informaci\u00f3n con diversos fines para proporcionarle y mejorar nuestro Servicio.\" \/>\n<meta property=\"og:url\" content=\"https:\/\/ponchoinsurance.com\/es\/politica-de-privacidad\/\" \/>\n<meta property=\"og:site_name\" content=\"Seguros Poncho\" \/>\n<meta property=\"article:modified_time\" content=\"2025-11-27T17:04:07+00:00\" \/>\n<meta property=\"og:image\" content=\"https:\/\/ponchoinsurance.com\/wp-content\/uploads\/2025\/08\/Image_fx-2025-08-07T114849.901.webp\" \/>\n\t<meta property=\"og:image:width\" content=\"1408\" \/>\n\t<meta property=\"og:image:height\" content=\"768\" \/>\n\t<meta property=\"og:image:type\" content=\"image\/webp\" \/>\n<meta name=\"twitter:card\" content=\"summary_large_image\" \/>\n<meta name=\"twitter:label1\" content=\"Tiempo de lectura\" \/>\n\t<meta name=\"twitter:data1\" content=\"2 minutos\" \/>\n<script type=\"application\/ld+json\" class=\"yoast-schema-graph\">{\"@context\":\"https:\\\/\\\/schema.org\",\"@graph\":[{\"@type\":\"WebPage\",\"@id\":\"https:\\\/\\\/ponchoinsurance.com\\\/es\\\/politica-de-privacidad\\\/\",\"url\":\"https:\\\/\\\/ponchoinsurance.com\\\/es\\\/politica-de-privacidad\\\/\",\"name\":\"Pol\u00edtica de privacidad - Seguros Poncho\",\"isPartOf\":{\"@id\":\"https:\\\/\\\/ponchoinsurance.com\\\/es\\\/#website\"},\"primaryImageOfPage\":{\"@id\":\"https:\\\/\\\/ponchoinsurance.com\\\/es\\\/politica-de-privacidad\\\/#primaryimage\"},\"image\":{\"@id\":\"https:\\\/\\\/ponchoinsurance.com\\\/es\\\/politica-de-privacidad\\\/#primaryimage\"},\"thumbnailUrl\":\"https:\\\/\\\/ponchoinsurance.com\\\/wp-content\\\/uploads\\\/2025\\\/08\\\/Image_fx-2025-08-07T114849.901.webp\",\"datePublished\":\"2025-07-09T21:00:31+00:00\",\"dateModified\":\"2025-11-27T17:04:07+00:00\",\"description\":\"Recopilamos varios tipos diferentes de informaci\u00f3n con diversos fines para proporcionarle y mejorar nuestro Servicio.\",\"breadcrumb\":{\"@id\":\"https:\\\/\\\/ponchoinsurance.com\\\/es\\\/politica-de-privacidad\\\/#breadcrumb\"},\"inLanguage\":\"es\",\"potentialAction\":[{\"@type\":\"ReadAction\",\"target\":[\"https:\\\/\\\/ponchoinsurance.com\\\/es\\\/politica-de-privacidad\\\/\"]}]},{\"@type\":\"ImageObject\",\"inLanguage\":\"es\",\"@id\":\"https:\\\/\\\/ponchoinsurance.com\\\/es\\\/politica-de-privacidad\\\/#primaryimage\",\"url\":\"https:\\\/\\\/ponchoinsurance.com\\\/wp-content\\\/uploads\\\/2025\\\/08\\\/Image_fx-2025-08-07T114849.901.webp\",\"contentUrl\":\"https:\\\/\\\/ponchoinsurance.com\\\/wp-content\\\/uploads\\\/2025\\\/08\\\/Image_fx-2025-08-07T114849.901.webp\",\"width\":1408,\"height\":768,\"caption\":\"Dos personas discutiendo en una mesa fuera de una camioneta, representando una reuni\u00f3n de una compa\u00f1\u00eda de seguros.\"},{\"@type\":\"BreadcrumbList\",\"@id\":\"https:\\\/\\\/ponchoinsurance.com\\\/es\\\/politica-de-privacidad\\\/#breadcrumb\",\"itemListElement\":[{\"@type\":\"ListItem\",\"position\":1,\"name\":\"Inicio\",\"item\":\"https:\\\/\\\/ponchoinsurance.com\\\/es\\\/\"},{\"@type\":\"ListItem\",\"position\":2,\"name\":\"Pol\u00edtica de privacidad\"}]},{\"@type\":\"WebSite\",\"@id\":\"https:\\\/\\\/ponchoinsurance.com\\\/es\\\/#website\",\"url\":\"https:\\\/\\\/ponchoinsurance.com\\\/es\\\/\",\"name\":\"Poncho Insurance\",\"description\":\"Una compa\u00f1\u00eda de seguros creada para su generaci\u00f3n.\",\"publisher\":{\"@id\":\"https:\\\/\\\/ponchoinsurance.com\\\/es\\\/#organization\"},\"potentialAction\":[{\"@type\":\"SearchAction\",\"target\":{\"@type\":\"EntryPoint\",\"urlTemplate\":\"https:\\\/\\\/ponchoinsurance.com\\\/es\\\/?s={search_term_string}\"},\"query-input\":{\"@type\":\"PropertyValueSpecification\",\"valueRequired\":true,\"valueName\":\"search_term_string\"}}],\"inLanguage\":\"es\"},{\"@type\":\"Organization\",\"@id\":\"https:\\\/\\\/ponchoinsurance.com\\\/es\\\/#organization\",\"name\":\"Seguros Poncho\",\"url\":\"https:\\\/\\\/ponchoinsurance.com\\\/es\\\/\",\"logo\":{\"@type\":\"ImageObject\",\"inLanguage\":\"es\",\"@id\":\"https:\\\/\\\/ponchoinsurance.com\\\/es\\\/#\\\/schema\\\/logo\\\/image\\\/\",\"url\":\"https:\\\/\\\/ponchoinsurance.com\\\/wp-content\\\/uploads\\\/2025\\\/07\\\/PonchoLogonegro.png\",\"contentUrl\":\"https:\\\/\\\/ponchoinsurance.com\\\/wp-content\\\/uploads\\\/2025\\\/07\\\/PonchoLogonegro.png\",\"width\":2084,\"height\":794,\"caption\":\"Seguros Poncho\"},\"image\":{\"@id\":\"https:\\\/\\\/ponchoinsurance.com\\\/es\\\/#\\\/schema\\\/logo\\\/image\\\/\"}}]}<\/script>\n<!-- \/ Yoast SEO plugin. -->","yoast_head_json":{"title":"Pol\u00edtica de privacidad - Seguros Poncho","description":"Recopilamos varios tipos diferentes de informaci\u00f3n con diversos fines para proporcionarle y mejorar nuestro Servicio.","robots":{"index":"index","follow":"follow","max-snippet":"max-snippet:-1","max-image-preview":"max-image-preview:large","max-video-preview":"max-video-preview:-1"},"canonical":"https:\/\/ponchoinsurance.com\/es\/politica-de-privacidad\/","og_locale":"es_ES","og_type":"article","og_title":"Pol\u00edtica de privacidad - Seguros Poncho","og_description":"Recopilamos varios tipos diferentes de informaci\u00f3n con diversos fines para proporcionarle y mejorar nuestro Servicio.","og_url":"https:\/\/ponchoinsurance.com\/es\/politica-de-privacidad\/","og_site_name":"Seguros Poncho","article_modified_time":"2025-11-27T17:04:07+00:00","og_image":[{"width":1408,"height":768,"url":"https:\/\/ponchoinsurance.com\/wp-content\/uploads\/2025\/08\/Image_fx-2025-08-07T114849.901.webp","type":"image\/webp"}],"twitter_card":"summary_large_image","twitter_misc":{"Tiempo de lectura":"2 minutos"},"schema":{"@context":"https:\/\/schema.org","@graph":[{"@type":"WebPage","@id":"https:\/\/ponchoinsurance.com\/es\/politica-de-privacidad\/","url":"https:\/\/ponchoinsurance.com\/es\/politica-de-privacidad\/","name":"Pol\u00edtica de privacidad - Seguros Poncho","isPartOf":{"@id":"https:\/\/ponchoinsurance.com\/es\/#website"},"primaryImageOfPage":{"@id":"https:\/\/ponchoinsurance.com\/es\/politica-de-privacidad\/#primaryimage"},"image":{"@id":"https:\/\/ponchoinsurance.com\/es\/politica-de-privacidad\/#primaryimage"},"thumbnailUrl":"https:\/\/ponchoinsurance.com\/wp-content\/uploads\/2025\/08\/Image_fx-2025-08-07T114849.901.webp","datePublished":"2025-07-09T21:00:31+00:00","dateModified":"2025-11-27T17:04:07+00:00","description":"Recopilamos varios tipos diferentes de informaci\u00f3n con diversos fines para proporcionarle y mejorar nuestro Servicio.","breadcrumb":{"@id":"https:\/\/ponchoinsurance.com\/es\/politica-de-privacidad\/#breadcrumb"},"inLanguage":"es","potentialAction":[{"@type":"ReadAction","target":["https:\/\/ponchoinsurance.com\/es\/politica-de-privacidad\/"]}]},{"@type":"ImageObject","inLanguage":"es","@id":"https:\/\/ponchoinsurance.com\/es\/politica-de-privacidad\/#primaryimage","url":"https:\/\/ponchoinsurance.com\/wp-content\/uploads\/2025\/08\/Image_fx-2025-08-07T114849.901.webp","contentUrl":"https:\/\/ponchoinsurance.com\/wp-content\/uploads\/2025\/08\/Image_fx-2025-08-07T114849.901.webp","width":1408,"height":768,"caption":"Dos personas discutiendo en una mesa fuera de una camioneta, representando una reuni\u00f3n de una compa\u00f1\u00eda de seguros."},{"@type":"BreadcrumbList","@id":"https:\/\/ponchoinsurance.com\/es\/politica-de-privacidad\/#breadcrumb","itemListElement":[{"@type":"ListItem","position":1,"name":"Inicio","item":"https:\/\/ponchoinsurance.com\/es\/"},{"@type":"ListItem","position":2,"name":"Pol\u00edtica de privacidad"}]},{"@type":"WebSite","@id":"https:\/\/ponchoinsurance.com\/es\/#website","url":"https:\/\/ponchoinsurance.com\/es\/","name":"Poncho Insurance","description":"Una compa\u00f1\u00eda de seguros creada para su generaci\u00f3n.","publisher":{"@id":"https:\/\/ponchoinsurance.com\/es\/#organization"},"potentialAction":[{"@type":"SearchAction","target":{"@type":"EntryPoint","urlTemplate":"https:\/\/ponchoinsurance.com\/es\/?s={search_term_string}"},"query-input":{"@type":"PropertyValueSpecification","valueRequired":true,"valueName":"search_term_string"}}],"inLanguage":"es"},{"@type":"Organization","@id":"https:\/\/ponchoinsurance.com\/es\/#organization","name":"Seguros Poncho","url":"https:\/\/ponchoinsurance.com\/es\/","logo":{"@type":"ImageObject","inLanguage":"es","@id":"https:\/\/ponchoinsurance.com\/es\/#\/schema\/logo\/image\/","url":"https:\/\/ponchoinsurance.com\/wp-content\/uploads\/2025\/07\/PonchoLogonegro.png","contentUrl":"https:\/\/ponchoinsurance.com\/wp-content\/uploads\/2025\/07\/PonchoLogonegro.png","width":2084,"height":794,"caption":"Seguros Poncho"},"image":{"@id":"https:\/\/ponchoinsurance.com\/es\/#\/schema\/logo\/image\/"}}]}},"_links":{"self":[{"href":"https:\/\/ponchoinsurance.com\/es\/wp-json\/wp\/v2\/pages\/3537","targetHints":{"allow":["GET"]}}],"collection":[{"href":"https:\/\/ponchoinsurance.com\/es\/wp-json\/wp\/v2\/pages"}],"about":[{"href":"https:\/\/ponchoinsurance.com\/es\/wp-json\/wp\/v2\/types\/page"}],"author":[{"embeddable":true,"href":"https:\/\/ponchoinsurance.com\/es\/wp-json\/wp\/v2\/users\/1"}],"replies":[{"embeddable":true,"href":"https:\/\/ponchoinsurance.com\/es\/wp-json\/wp\/v2\/comments?post=3537"}],"version-history":[{"count":0,"href":"https:\/\/ponchoinsurance.com\/es\/wp-json\/wp\/v2\/pages\/3537\/revisions"}],"wp:featuredmedia":[{"embeddable":true,"href":"https:\/\/ponchoinsurance.com\/es\/wp-json\/wp\/v2\/media\/3480"}],"wp:attachment":[{"href":"https:\/\/ponchoinsurance.com\/es\/wp-json\/wp\/v2\/media?parent=3537"}],"curies":[{"name":"wp","href":"https:\/\/api.w.org\/{rel}","templated":true}]}}