{"id":3528,"date":"2025-07-23T17:00:25","date_gmt":"2025-07-23T17:00:25","guid":{"rendered":"https:\/\/ponchoinsurance.com\/prensa\/"},"modified":"2025-12-12T21:13:47","modified_gmt":"2025-12-12T21:13:47","slug":"prensa","status":"publish","type":"page","link":"https:\/\/ponchoinsurance.com\/es\/prensa\/","title":{"rendered":"Prensa"},"content":{"rendered":"\t\t<div data-elementor-type=\"wp-page\" data-elementor-id=\"3528\" class=\"elementor elementor-3528 elementor-772\" data-elementor-post-type=\"page\">\n\t\t\t\t<div class=\"elementor-element elementor-element-89d6d8d e-con-full e-flex e-con e-parent\" data-id=\"89d6d8d\" data-element_type=\"container\" data-e-type=\"container\" data-settings=\"{&quot;background_background&quot;:&quot;classic&quot;}\">\n\t\t<div class=\"elementor-element elementor-element-1455c49 e-flex e-con-boxed e-con e-child\" data-id=\"1455c49\" data-element_type=\"container\" data-e-type=\"container\">\n\t\t\t\t\t<div class=\"e-con-inner\">\n\t\t<div class=\"elementor-element elementor-element-72cf430 e-con-full e-flex e-con e-child\" data-id=\"72cf430\" data-element_type=\"container\" data-e-type=\"container\">\n\t\t\t\t<div class=\"elementor-element elementor-element-92b1b64 elementor-widget__width-initial elementor-widget-tablet__width-inherit elementor-widget elementor-widget-heading\" data-id=\"92b1b64\" data-element_type=\"widget\" data-e-type=\"widget\" data-widget_type=\"heading.default\">\n\t\t\t\t\t<h1 class=\"elementor-heading-title elementor-size-default\">Prensa e <span>inversores<\/span>  <\/h1>\t\t\t\t<\/div>\n\t\t\t\t<div class=\"elementor-element elementor-element-a835e5f elementor-widget__width-initial parrafo elementor-widget elementor-widget-text-editor\" data-id=\"a835e5f\" data-element_type=\"widget\" data-e-type=\"widget\" data-widget_type=\"text-editor.default\">\n\t\t\t\t\t\t\t\t\t<p>\u00bfEst\u00e1 interesado en obtener m\u00e1s informaci\u00f3n sobre Poncho Insurance, oportunidades de inversi\u00f3n o consultas de los medios? P\u00f3ngase en contacto con nosotros. <\/p>\t\t\t\t\t\t\t\t<\/div>\n\t\t\t\t<\/div>\n\t\t<div class=\"elementor-element elementor-element-889b9cd e-con-full e-flex e-con e-child\" data-id=\"889b9cd\" data-element_type=\"container\" data-e-type=\"container\">\n\t\t<div class=\"elementor-element elementor-element-04eeec2 e-con-full cards e-flex e-con e-child\" data-id=\"04eeec2\" data-element_type=\"container\" data-e-type=\"container\" data-settings=\"{&quot;background_background&quot;:&quot;classic&quot;}\">\n\t\t\t\t<div class=\"elementor-element elementor-element-76deb0b elementor-widget elementor-widget-heading\" data-id=\"76deb0b\" data-element_type=\"widget\" data-e-type=\"widget\" data-widget_type=\"heading.default\">\n\t\t\t\t\t<h2 class=\"elementor-heading-title elementor-size-default\">Consulta de inversores<\/h2>\t\t\t\t<\/div>\n\t\t\t\t<div class=\"elementor-element elementor-element-8cc48bd elementor-widget__width-initial elementor-widget elementor-widget-text-editor\" data-id=\"8cc48bd\" data-element_type=\"widget\" data-e-type=\"widget\" data-widget_type=\"text-editor.default\">\n\t\t\t\t\t\t\t\t\t<p>Por favor, rellene el siguiente formulario y nuestro equipo se pondr\u00e1 en contacto con usted.<\/p>\t\t\t\t\t\t\t\t<\/div>\n\t\t\t\t<div class=\"elementor-element elementor-element-87829bb elementor-button-align-stretch elementor-widget elementor-widget-form\" data-id=\"87829bb\" data-element_type=\"widget\" data-e-type=\"widget\" data-settings=\"{&quot;step_next_label&quot;:&quot;Siguiente&quot;,&quot;step_previous_label&quot;:&quot;Anterior&quot;,&quot;button_width&quot;:&quot;100&quot;,&quot;step_type&quot;:&quot;number_text&quot;,&quot;step_icon_shape&quot;:&quot;circle&quot;}\" data-widget_type=\"form.default\">\n\t\t\t\t\t\t\t<form class=\"elementor-form\" method=\"post\" name=\"Consulta de inversores\" aria-label=\"Consulta de inversores\">\n\t\t\t<input type=\"hidden\" name=\"post_id\" value=\"3528\"\/>\n\t\t\t<input type=\"hidden\" name=\"form_id\" value=\"87829bb\"\/>\n\t\t\t<input type=\"hidden\" name=\"referer_title\" value=\"Seguros Poncho\" \/>\n\n\t\t\t\n\t\t\t<div class=\"elementor-form-fields-wrapper elementor-labels-above\">\n\t\t\t\t\t\t\t\t<div class=\"elementor-field-type-text elementor-field-group elementor-column elementor-field-group-name elementor-col-50 elementor-field-required elementor-mark-required\">\n\t\t\t\t\t\t\t\t\t\t\t\t<label for=\"form-field-name\" class=\"elementor-field-label\">\n\t\t\t\t\t\t\t\tNombre\t\t\t\t\t\t\t<\/label>\n\t\t\t\t\t\t\t\t\t\t\t\t\t\t<input size=\"1\" type=\"text\" name=\"form_fields[name]\" id=\"form-field-name\" class=\"elementor-field elementor-size-sm  elementor-field-textual\" required=\"required\">\n\t\t\t\t\t\t\t\t\t\t\t<\/div>\n\t\t\t\t\t\t\t\t<div class=\"elementor-field-type-text elementor-field-group elementor-column elementor-field-group-field_3de7770 elementor-col-50 elementor-field-required elementor-mark-required\">\n\t\t\t\t\t\t\t\t\t\t\t\t<label for=\"form-field-field_3de7770\" class=\"elementor-field-label\">\n\t\t\t\t\t\t\t\tApellido \t\t\t\t\t\t\t<\/label>\n\t\t\t\t\t\t\t\t\t\t\t\t\t\t<input size=\"1\" type=\"text\" name=\"form_fields[field_3de7770]\" id=\"form-field-field_3de7770\" class=\"elementor-field elementor-size-sm  elementor-field-textual\" placeholder=\" \" required=\"required\">\n\t\t\t\t\t\t\t\t\t\t\t<\/div>\n\t\t\t\t\t\t\t\t<div class=\"elementor-field-type-email elementor-field-group elementor-column elementor-field-group-email elementor-col-100 elementor-field-required elementor-mark-required\">\n\t\t\t\t\t\t\t\t\t\t\t\t<label for=\"form-field-email\" class=\"elementor-field-label\">\n\t\t\t\t\t\t\t\tCorreo electr\u00f3nico\t\t\t\t\t\t\t<\/label>\n\t\t\t\t\t\t\t\t\t\t\t\t\t\t<input size=\"1\" type=\"email\" name=\"form_fields[email]\" id=\"form-field-email\" class=\"elementor-field elementor-size-sm  elementor-field-textual\" placeholder=\" \" required=\"required\">\n\t\t\t\t\t\t\t\t\t\t\t<\/div>\n\t\t\t\t\t\t\t\t<div class=\"elementor-field-type-tel elementor-field-group elementor-column elementor-field-group-field_e9fed2c elementor-col-50 elementor-field-required elementor-mark-required\">\n\t\t\t\t\t\t\t\t\t\t\t\t<label for=\"form-field-field_e9fed2c\" class=\"elementor-field-label\">\n\t\t\t\t\t\t\t\tTel\u00e9fono\t\t\t\t\t\t\t<\/label>\n\t\t\t\t\t\t\t\t<input size=\"1\" type=\"tel\" name=\"form_fields[field_e9fed2c]\" id=\"form-field-field_e9fed2c\" class=\"elementor-field elementor-size-sm  elementor-field-textual\" required=\"required\" pattern=\"[0-9()#&amp;+*-=.]+\" title=\"Only numbers and phone characters (#, -, *, etc) are accepted.\">\n\n\t\t\t\t\t\t<\/div>\n\t\t\t\t\t\t\t\t<div class=\"elementor-field-type-text elementor-field-group elementor-column elementor-field-group-field_09caaf3 elementor-col-50 elementor-field-required elementor-mark-required\">\n\t\t\t\t\t\t\t\t\t\t\t\t<label for=\"form-field-field_09caaf3\" class=\"elementor-field-label\">\n\t\t\t\t\t\t\t\tEmpresa \/ organizaci\u00f3n\t\t\t\t\t\t\t<\/label>\n\t\t\t\t\t\t\t\t\t\t\t\t\t\t<input size=\"1\" type=\"text\" name=\"form_fields[field_09caaf3]\" id=\"form-field-field_09caaf3\" class=\"elementor-field elementor-size-sm  elementor-field-textual\" required=\"required\">\n\t\t\t\t\t\t\t\t\t\t\t<\/div>\n\t\t\t\t\t\t\t\t<div class=\"elementor-field-type-acceptance elementor-field-group elementor-column elementor-field-group-field_0d1e763 elementor-col-100 elementor-field-required elementor-mark-required\">\n\t\t\t\t\t\t\t<div class=\"elementor-field-subgroup\">\n\t\t\t<span class=\"elementor-field-option\">\n\t\t\t\t<input type=\"checkbox\" name=\"form_fields[field_0d1e763]\" id=\"form-field-field_0d1e763\" class=\"elementor-field elementor-size-sm  elementor-acceptance-field\" required=\"required\">\n\t\t\t\t<label for=\"form-field-field_0d1e763\">Al enviar este formulario y registrarse para recibir mensajes de texto, usted da su consentimiento para recibir mensajes de texto de Poncho Insurance al n\u00famero proporcionado, incluidos los mensajes automatizados. El consentimiento no es una condici\u00f3n de compra. Se pueden aplicar tarifas de mensajes y datos. La frecuencia de los mensajes var\u00eda. Cancele la suscripci\u00f3n en cualquier momento respondiendo STOP o haciendo clic en el enlace de cancelaci\u00f3n de la suscripci\u00f3n (donde est\u00e9 disponible). Responda HELP para obtener ayuda. <a href=\"https:\/\/ponchoinsurance.com\/es\/politica-de-privacidad\/\" target=\"_blank\">Pol\u00edtica de privacidad<\/a> y <a href=\"https:\/\/ponchoinsurance.com\/es\/terminos-de-servicio\/\" target=\"_blank\">Condiciones de servicio<\/a>     \n<\/label>\t\t\t<\/span>\n\t\t<\/div>\n\t\t\t\t\t\t<\/div>\n\t\t\t\t\t\t\t\t<div class=\"elementor-field-type-recaptcha_v3 elementor-field-group elementor-column elementor-field-group-field_088d798 elementor-col-100 recaptcha_v3-bottomright\">\n\t\t\t\t\t<div class=\"elementor-field\" id=\"form-field-field_088d798\"><div class=\"elementor-g-recaptcha\" data-sitekey=\"6Lf8dcIrAAAAAF7841Pl37Zc_6vZCWayTmsFdU41\" data-type=\"v3\" data-action=\"Form\" data-badge=\"bottomright\" data-size=\"invisible\"><\/div><\/div>\t\t\t\t<\/div>\n\t\t\t\t\t\t\t\t<div class=\"elementor-field-group elementor-column elementor-field-type-submit elementor-col-100 e-form__buttons\">\n\t\t\t\t\t<button class=\"elementor-button elementor-size-sm\" type=\"submit\">\n\t\t\t\t\t\t<span class=\"elementor-button-content-wrapper\">\n\t\t\t\t\t\t\t\t\t\t\t\t\t\t\t\t\t\t\t\t\t\t<span class=\"elementor-button-text\">ENVIAR AHORA<\/span>\n\t\t\t\t\t\t\t\t\t\t\t\t\t<\/span>\n\t\t\t\t\t<\/button>\n\t\t\t\t<\/div>\n\t\t\t<\/div>\n\t\t<\/form>\n\t\t\t\t\t\t<\/div>\n\t\t\t\t<\/div>\n\t\t\t\t<\/div>\n\t\t\t\t\t<\/div>\n\t\t\t\t<\/div>\n\t\t\t\t<\/div>\n\t\t\t\t<\/div>\n\t\t","protected":false},"excerpt":{"rendered":"<p>Prensa e inversores \u00bfEst\u00e1 interesado en obtener m\u00e1s informaci\u00f3n sobre Poncho Insurance, oportunidades de inversi\u00f3n o consultas de los medios? P\u00f3ngase en contacto con nosotros. Consulta de inversores Por favor, rellene el siguiente formulario y nuestro equipo se pondr\u00e1 en contacto con usted.<\/p>\n","protected":false},"author":1,"featured_media":3474,"parent":0,"menu_order":0,"comment_status":"closed","ping_status":"closed","template":"","meta":{"footnotes":""},"class_list":["post-3528","page","type-page","status-publish","has-post-thumbnail","hentry"],"yoast_head":"<!-- This site is optimized with the Yoast SEO plugin v27.4 - https:\/\/yoast.com\/product\/yoast-seo-wordpress\/ -->\n<title>Prensa - Seguros Poncho<\/title>\n<meta name=\"description\" content=\"\u00bfEst\u00e1 interesado en obtener m\u00e1s informaci\u00f3n sobre Poncho Insurance, oportunidades de inversi\u00f3n o consultas de los medios? P\u00f3ngase en contacto con nosotros.\" \/>\n<meta name=\"robots\" content=\"index, follow, max-snippet:-1, max-image-preview:large, max-video-preview:-1\" \/>\n<link rel=\"canonical\" href=\"https:\/\/ponchoinsurance.com\/es\/prensa\/\" \/>\n<meta property=\"og:locale\" content=\"es_ES\" \/>\n<meta property=\"og:type\" content=\"article\" \/>\n<meta property=\"og:title\" content=\"Prensa - Seguros Poncho\" \/>\n<meta property=\"og:description\" content=\"\u00bfEst\u00e1 interesado en obtener m\u00e1s informaci\u00f3n sobre Poncho Insurance, oportunidades de inversi\u00f3n o consultas de los medios? P\u00f3ngase en contacto con nosotros.\" \/>\n<meta property=\"og:url\" content=\"https:\/\/ponchoinsurance.com\/es\/prensa\/\" \/>\n<meta property=\"og:site_name\" content=\"Seguros Poncho\" \/>\n<meta property=\"article:modified_time\" content=\"2025-12-12T21:13:47+00:00\" \/>\n<meta property=\"og:image\" content=\"https:\/\/ponchoinsurance.com\/wp-content\/uploads\/2025\/08\/Image_fx-2025-08-08T124740.webp\" \/>\n\t<meta property=\"og:image:width\" content=\"1408\" \/>\n\t<meta property=\"og:image:height\" content=\"768\" \/>\n\t<meta property=\"og:image:type\" content=\"image\/webp\" \/>\n<meta name=\"twitter:card\" content=\"summary_large_image\" \/>\n<script type=\"application\/ld+json\" class=\"yoast-schema-graph\">{\"@context\":\"https:\\\/\\\/schema.org\",\"@graph\":[{\"@type\":\"WebPage\",\"@id\":\"https:\\\/\\\/ponchoinsurance.com\\\/es\\\/prensa\\\/\",\"url\":\"https:\\\/\\\/ponchoinsurance.com\\\/es\\\/prensa\\\/\",\"name\":\"Prensa - Seguros Poncho\",\"isPartOf\":{\"@id\":\"https:\\\/\\\/ponchoinsurance.com\\\/es\\\/#website\"},\"primaryImageOfPage\":{\"@id\":\"https:\\\/\\\/ponchoinsurance.com\\\/es\\\/prensa\\\/#primaryimage\"},\"image\":{\"@id\":\"https:\\\/\\\/ponchoinsurance.com\\\/es\\\/prensa\\\/#primaryimage\"},\"thumbnailUrl\":\"https:\\\/\\\/ponchoinsurance.com\\\/wp-content\\\/uploads\\\/2025\\\/08\\\/Image_fx-2025-08-08T124740.webp\",\"datePublished\":\"2025-07-23T17:00:25+00:00\",\"dateModified\":\"2025-12-12T21:13:47+00:00\",\"description\":\"\u00bfEst\u00e1 interesado en obtener m\u00e1s informaci\u00f3n sobre Poncho Insurance, oportunidades de inversi\u00f3n o consultas de los medios? P\u00f3ngase en contacto con nosotros.\",\"breadcrumb\":{\"@id\":\"https:\\\/\\\/ponchoinsurance.com\\\/es\\\/prensa\\\/#breadcrumb\"},\"inLanguage\":\"es\",\"potentialAction\":[{\"@type\":\"ReadAction\",\"target\":[\"https:\\\/\\\/ponchoinsurance.com\\\/es\\\/prensa\\\/\"]}]},{\"@type\":\"ImageObject\",\"inLanguage\":\"es\",\"@id\":\"https:\\\/\\\/ponchoinsurance.com\\\/es\\\/prensa\\\/#primaryimage\",\"url\":\"https:\\\/\\\/ponchoinsurance.com\\\/wp-content\\\/uploads\\\/2025\\\/08\\\/Image_fx-2025-08-08T124740.webp\",\"contentUrl\":\"https:\\\/\\\/ponchoinsurance.com\\\/wp-content\\\/uploads\\\/2025\\\/08\\\/Image_fx-2025-08-08T124740.webp\",\"width\":1408,\"height\":768,\"caption\":\"Miembros del equipo participando en una reuni\u00f3n en una compa\u00f1\u00eda de seguros, compartiendo ideas y planificando proyectos futuros.\"},{\"@type\":\"BreadcrumbList\",\"@id\":\"https:\\\/\\\/ponchoinsurance.com\\\/es\\\/prensa\\\/#breadcrumb\",\"itemListElement\":[{\"@type\":\"ListItem\",\"position\":1,\"name\":\"Inicio\",\"item\":\"https:\\\/\\\/ponchoinsurance.com\\\/es\\\/\"},{\"@type\":\"ListItem\",\"position\":2,\"name\":\"Prensa\"}]},{\"@type\":\"WebSite\",\"@id\":\"https:\\\/\\\/ponchoinsurance.com\\\/es\\\/#website\",\"url\":\"https:\\\/\\\/ponchoinsurance.com\\\/es\\\/\",\"name\":\"Poncho Insurance\",\"description\":\"Una compa\u00f1\u00eda de seguros creada para su generaci\u00f3n.\",\"publisher\":{\"@id\":\"https:\\\/\\\/ponchoinsurance.com\\\/es\\\/#organization\"},\"potentialAction\":[{\"@type\":\"SearchAction\",\"target\":{\"@type\":\"EntryPoint\",\"urlTemplate\":\"https:\\\/\\\/ponchoinsurance.com\\\/es\\\/?s={search_term_string}\"},\"query-input\":{\"@type\":\"PropertyValueSpecification\",\"valueRequired\":true,\"valueName\":\"search_term_string\"}}],\"inLanguage\":\"es\"},{\"@type\":\"Organization\",\"@id\":\"https:\\\/\\\/ponchoinsurance.com\\\/es\\\/#organization\",\"name\":\"Seguros Poncho\",\"url\":\"https:\\\/\\\/ponchoinsurance.com\\\/es\\\/\",\"logo\":{\"@type\":\"ImageObject\",\"inLanguage\":\"es\",\"@id\":\"https:\\\/\\\/ponchoinsurance.com\\\/es\\\/#\\\/schema\\\/logo\\\/image\\\/\",\"url\":\"https:\\\/\\\/ponchoinsurance.com\\\/wp-content\\\/uploads\\\/2025\\\/07\\\/PonchoLogonegro.png\",\"contentUrl\":\"https:\\\/\\\/ponchoinsurance.com\\\/wp-content\\\/uploads\\\/2025\\\/07\\\/PonchoLogonegro.png\",\"width\":2084,\"height\":794,\"caption\":\"Seguros Poncho\"},\"image\":{\"@id\":\"https:\\\/\\\/ponchoinsurance.com\\\/es\\\/#\\\/schema\\\/logo\\\/image\\\/\"}}]}<\/script>\n<!-- \/ Yoast SEO plugin. -->","yoast_head_json":{"title":"Prensa - Seguros Poncho","description":"\u00bfEst\u00e1 interesado en obtener m\u00e1s informaci\u00f3n sobre Poncho Insurance, oportunidades de inversi\u00f3n o consultas de los medios? P\u00f3ngase en contacto con nosotros.","robots":{"index":"index","follow":"follow","max-snippet":"max-snippet:-1","max-image-preview":"max-image-preview:large","max-video-preview":"max-video-preview:-1"},"canonical":"https:\/\/ponchoinsurance.com\/es\/prensa\/","og_locale":"es_ES","og_type":"article","og_title":"Prensa - Seguros Poncho","og_description":"\u00bfEst\u00e1 interesado en obtener m\u00e1s informaci\u00f3n sobre Poncho Insurance, oportunidades de inversi\u00f3n o consultas de los medios? P\u00f3ngase en contacto con nosotros.","og_url":"https:\/\/ponchoinsurance.com\/es\/prensa\/","og_site_name":"Seguros Poncho","article_modified_time":"2025-12-12T21:13:47+00:00","og_image":[{"width":1408,"height":768,"url":"https:\/\/ponchoinsurance.com\/wp-content\/uploads\/2025\/08\/Image_fx-2025-08-08T124740.webp","type":"image\/webp"}],"twitter_card":"summary_large_image","schema":{"@context":"https:\/\/schema.org","@graph":[{"@type":"WebPage","@id":"https:\/\/ponchoinsurance.com\/es\/prensa\/","url":"https:\/\/ponchoinsurance.com\/es\/prensa\/","name":"Prensa - Seguros Poncho","isPartOf":{"@id":"https:\/\/ponchoinsurance.com\/es\/#website"},"primaryImageOfPage":{"@id":"https:\/\/ponchoinsurance.com\/es\/prensa\/#primaryimage"},"image":{"@id":"https:\/\/ponchoinsurance.com\/es\/prensa\/#primaryimage"},"thumbnailUrl":"https:\/\/ponchoinsurance.com\/wp-content\/uploads\/2025\/08\/Image_fx-2025-08-08T124740.webp","datePublished":"2025-07-23T17:00:25+00:00","dateModified":"2025-12-12T21:13:47+00:00","description":"\u00bfEst\u00e1 interesado en obtener m\u00e1s informaci\u00f3n sobre Poncho Insurance, oportunidades de inversi\u00f3n o consultas de los medios? P\u00f3ngase en contacto con nosotros.","breadcrumb":{"@id":"https:\/\/ponchoinsurance.com\/es\/prensa\/#breadcrumb"},"inLanguage":"es","potentialAction":[{"@type":"ReadAction","target":["https:\/\/ponchoinsurance.com\/es\/prensa\/"]}]},{"@type":"ImageObject","inLanguage":"es","@id":"https:\/\/ponchoinsurance.com\/es\/prensa\/#primaryimage","url":"https:\/\/ponchoinsurance.com\/wp-content\/uploads\/2025\/08\/Image_fx-2025-08-08T124740.webp","contentUrl":"https:\/\/ponchoinsurance.com\/wp-content\/uploads\/2025\/08\/Image_fx-2025-08-08T124740.webp","width":1408,"height":768,"caption":"Miembros del equipo participando en una reuni\u00f3n en una compa\u00f1\u00eda de seguros, compartiendo ideas y planificando proyectos futuros."},{"@type":"BreadcrumbList","@id":"https:\/\/ponchoinsurance.com\/es\/prensa\/#breadcrumb","itemListElement":[{"@type":"ListItem","position":1,"name":"Inicio","item":"https:\/\/ponchoinsurance.com\/es\/"},{"@type":"ListItem","position":2,"name":"Prensa"}]},{"@type":"WebSite","@id":"https:\/\/ponchoinsurance.com\/es\/#website","url":"https:\/\/ponchoinsurance.com\/es\/","name":"Poncho Insurance","description":"Una compa\u00f1\u00eda de seguros creada para su generaci\u00f3n.","publisher":{"@id":"https:\/\/ponchoinsurance.com\/es\/#organization"},"potentialAction":[{"@type":"SearchAction","target":{"@type":"EntryPoint","urlTemplate":"https:\/\/ponchoinsurance.com\/es\/?s={search_term_string}"},"query-input":{"@type":"PropertyValueSpecification","valueRequired":true,"valueName":"search_term_string"}}],"inLanguage":"es"},{"@type":"Organization","@id":"https:\/\/ponchoinsurance.com\/es\/#organization","name":"Seguros Poncho","url":"https:\/\/ponchoinsurance.com\/es\/","logo":{"@type":"ImageObject","inLanguage":"es","@id":"https:\/\/ponchoinsurance.com\/es\/#\/schema\/logo\/image\/","url":"https:\/\/ponchoinsurance.com\/wp-content\/uploads\/2025\/07\/PonchoLogonegro.png","contentUrl":"https:\/\/ponchoinsurance.com\/wp-content\/uploads\/2025\/07\/PonchoLogonegro.png","width":2084,"height":794,"caption":"Seguros Poncho"},"image":{"@id":"https:\/\/ponchoinsurance.com\/es\/#\/schema\/logo\/image\/"}}]}},"_links":{"self":[{"href":"https:\/\/ponchoinsurance.com\/es\/wp-json\/wp\/v2\/pages\/3528","targetHints":{"allow":["GET"]}}],"collection":[{"href":"https:\/\/ponchoinsurance.com\/es\/wp-json\/wp\/v2\/pages"}],"about":[{"href":"https:\/\/ponchoinsurance.com\/es\/wp-json\/wp\/v2\/types\/page"}],"author":[{"embeddable":true,"href":"https:\/\/ponchoinsurance.com\/es\/wp-json\/wp\/v2\/users\/1"}],"replies":[{"embeddable":true,"href":"https:\/\/ponchoinsurance.com\/es\/wp-json\/wp\/v2\/comments?post=3528"}],"version-history":[{"count":1,"href":"https:\/\/ponchoinsurance.com\/es\/wp-json\/wp\/v2\/pages\/3528\/revisions"}],"predecessor-version":[{"id":4426,"href":"https:\/\/ponchoinsurance.com\/es\/wp-json\/wp\/v2\/pages\/3528\/revisions\/4426"}],"wp:featuredmedia":[{"embeddable":true,"href":"https:\/\/ponchoinsurance.com\/es\/wp-json\/wp\/v2\/media\/3474"}],"wp:attachment":[{"href":"https:\/\/ponchoinsurance.com\/es\/wp-json\/wp\/v2\/media?parent=3528"}],"curies":[{"name":"wp","href":"https:\/\/api.w.org\/{rel}","templated":true}]}}