{"id":3129,"date":"2025-08-21T18:27:19","date_gmt":"2025-08-21T18:27:19","guid":{"rendered":"https:\/\/ponchoinsurance.com\/terminos-de-servicio\/"},"modified":"2025-11-27T17:04:34","modified_gmt":"2025-11-27T17:04:34","slug":"terminos-de-servicio","status":"publish","type":"page","link":"https:\/\/ponchoinsurance.com\/es\/terminos-de-servicio\/","title":{"rendered":"T\u00e9rminos de servicio"},"content":{"rendered":"\t\t<div data-elementor-type=\"wp-page\" data-elementor-id=\"3129\" class=\"elementor elementor-3129 elementor-2627\" data-elementor-post-type=\"page\">\n\t\t\t\t<div class=\"elementor-element elementor-element-f0d4365 e-con-full e-flex e-con e-parent\" data-id=\"f0d4365\" data-element_type=\"container\" data-e-type=\"container\" data-settings=\"{&quot;background_background&quot;:&quot;classic&quot;}\">\n\t\t\t\t<\/div>\n\t\t<div class=\"elementor-element elementor-element-dbd3ab1 e-flex e-con-boxed e-con e-parent\" data-id=\"dbd3ab1\" data-element_type=\"container\" data-e-type=\"container\" data-settings=\"{&quot;background_background&quot;:&quot;classic&quot;}\">\n\t\t\t\t\t<div class=\"e-con-inner\">\n\t\t<div class=\"elementor-element elementor-element-96067a8 e-con-full e-flex e-con e-child\" data-id=\"96067a8\" data-element_type=\"container\" data-e-type=\"container\" data-settings=\"{&quot;background_background&quot;:&quot;classic&quot;}\">\n\t\t\t\t<div class=\"elementor-element elementor-element-fefa551 elementor-widget__width-initial elementor-widget elementor-widget-heading\" data-id=\"fefa551\" data-element_type=\"widget\" data-e-type=\"widget\" data-widget_type=\"heading.default\">\n\t\t\t\t\t<h1 class=\"elementor-heading-title elementor-size-default\">T\u00e9rminos de servicio<\/h1>\t\t\t\t<\/div>\n\t\t\t\t<div class=\"elementor-element elementor-element-e6b26df elementor-icon-list--layout-inline elementor-align-center elementor-list-item-link-full_width elementor-widget elementor-widget-icon-list\" data-id=\"e6b26df\" data-element_type=\"widget\" data-e-type=\"widget\" data-widget_type=\"icon-list.default\">\n\t\t\t\t\t\t\t<ul class=\"elementor-icon-list-items elementor-inline-items\">\n\t\t\t\t\t\t\t<li class=\"elementor-icon-list-item elementor-inline-item\">\n\t\t\t\t\t\t\t\t\t\t<span class=\"elementor-icon-list-text\">\u00daltima actualizaci\u00f3n:<\/span>\n\t\t\t\t\t\t\t\t\t<\/li>\n\t\t\t\t\t\t\t\t<li class=\"elementor-icon-list-item elementor-inline-item\">\n\t\t\t\t\t\t\t\t\t\t\t<span class=\"elementor-icon-list-icon\">\n\t\t\t\t\t\t\t<svg aria-hidden=\"true\" class=\"e-font-icon-svg e-fas-circle\" viewBox=\"0 0 512 512\" xmlns=\"http:\/\/www.w3.org\/2000\/svg\"><path d=\"M256 8C119 8 8 119 8 256s111 248 248 248 248-111 248-248S393 8 256 8z\"><\/path><\/svg>\t\t\t\t\t\t<\/span>\n\t\t\t\t\t\t\t\t\t\t<span class=\"elementor-icon-list-text\">21\/08\/2025<\/span>\n\t\t\t\t\t\t\t\t\t<\/li>\n\t\t\t\t\t\t<\/ul>\n\t\t\t\t\t\t<\/div>\n\t\t\t\t<div class=\"elementor-element elementor-element-a32e257 elementor-widget__width-inherit elementor-widget-divider--view-line elementor-widget elementor-widget-divider\" data-id=\"a32e257\" data-element_type=\"widget\" data-e-type=\"widget\" data-widget_type=\"divider.default\">\n\t\t\t\t\t\t\t<div class=\"elementor-divider\">\n\t\t\t<span class=\"elementor-divider-separator\">\n\t\t\t\t\t\t<\/span>\n\t\t<\/div>\n\t\t\t\t\t\t<\/div>\n\t\t\t\t<div class=\"elementor-element elementor-element-8fde9f9 elementor-widget elementor-widget-text-editor\" data-id=\"8fde9f9\" data-element_type=\"widget\" data-e-type=\"widget\" data-widget_type=\"text-editor.default\">\n\t\t\t\t\t\t\t\t\t<p><span style=\"font-weight: 400;\">Lea atentamente estos T\u00e9rminos de servicio (\u00abT\u00e9rminos\u00bb, \u00abT\u00e9rminos de servicio\u00bb) antes de utilizar el sitio web <a href=\"https:\/\/ponchoinsurance.com\/es\/\">https:\/\/ponchoinsurance.com\/<\/a> (el \u00abServicio\u00bb) operado por Poncho Insurance (\u00abnosotros\u00bb, \u00abnos\u00bb o \u00abnuestro\u00bb).<\/span><\/p><p><span style=\"font-weight: 400;\">Su acceso y uso del Servicio est\u00e1n condicionados a su aceptaci\u00f3n y cumplimiento de estos T\u00e9rminos. Estos T\u00e9rminos se aplican a todos los visitantes, usuarios y otras personas que acceden o utilizan el Servicio. Al acceder o utilizar el Servicio, usted acepta quedar vinculado por estos T\u00e9rminos. Si no est\u00e1 de acuerdo con alguna parte de los t\u00e9rminos, no podr\u00e1 acceder al Servicio.   <\/span><\/p><h2><b>Cuentas<\/b><\/h2><p><span style=\"font-weight: 400;\">Cuando crea una cuenta con nosotros, debe proporcionarnos informaci\u00f3n precisa, completa y actualizada en todo momento. No hacerlo constituye un incumplimiento de los T\u00e9rminos, lo que puede resultar en la terminaci\u00f3n inmediata de su cuenta en nuestro Servicio. <\/span><\/p><h2><b>Propiedad intelectual<\/b><\/h2><p><span style=\"font-weight: 400;\">El Servicio y su contenido, caracter\u00edsticas y funcionalidad originales son y seguir\u00e1n siendo propiedad exclusiva de Poncho Insurance y sus licenciantes. El Servicio est\u00e1 protegido por derechos de autor, marcas comerciales y otras leyes tanto de los Estados Unidos como de pa\u00edses extranjeros. Nuestras marcas comerciales e imagen comercial no se pueden utilizar en relaci\u00f3n con ning\u00fan producto o servicio sin el consentimiento previo por escrito de Poncho Insurance.  <\/span><\/p><h2><b>Enlaces a otros sitios web<\/b><\/h2><p><span style=\"font-weight: 400;\">Nuestro Servicio puede contener enlaces a sitios web o servicios de terceros que no son propiedad ni est\u00e1n controlados por Poncho Insurance. Poncho Insurance no tiene control sobre, y no asume ninguna responsabilidad por, el contenido, las pol\u00edticas de privacidad o las pr\u00e1cticas de ning\u00fan sitio web o servicio de terceros. Adem\u00e1s, usted reconoce y acepta que Poncho Insurance no ser\u00e1 responsable, directa o indirectamente, de ning\u00fan da\u00f1o o p\u00e9rdida causada o supuestamente causada por o en conexi\u00f3n con el uso o la dependencia de dicho contenido, bienes o servicios disponibles en o a trav\u00e9s de dichos sitios web o servicios.  <\/span><\/p><h2><b>Terminaci\u00f3n<\/b><\/h2><p><span style=\"font-weight: 400;\">Podemos rescindir o suspender el acceso a nuestro Servicio inmediatamente, sin previo aviso ni responsabilidad, por cualquier motivo, incluido, entre otros, si usted incumple los T\u00e9rminos.<\/span><\/p><h2><b>Ley aplicable<\/b><\/h2><p><span style=\"font-weight: 400;\">Estos T\u00e9rminos se regir\u00e1n e interpretar\u00e1n de acuerdo con las leyes del Estado de [Su Estado], Estados Unidos, sin tener en cuenta sus disposiciones sobre conflicto de leyes.<\/span><\/p><h2><b>Cambios<\/b><\/h2><p><span style=\"font-weight: 400;\">Nos reservamos el derecho, a nuestra entera discreci\u00f3n, de modificar o reemplazar estos T\u00e9rminos en cualquier momento. Si una revisi\u00f3n es importante, intentaremos avisarle con al menos 30 d\u00edas de antelaci\u00f3n a la entrada en vigor de los nuevos t\u00e9rminos. Lo que constituye un cambio importante se determinar\u00e1 a nuestra entera discreci\u00f3n.  <\/span><\/p><h2><b>Cont\u00e1ctenos<\/b><\/h2><p><span style=\"font-weight: 400;\">Si tiene alguna pregunta sobre estos T\u00e9rminos, p\u00f3ngase en contacto con nosotros:<\/span><\/p><ul><li style=\"font-weight: 400;\" aria-level=\"1\"><span style=\"font-weight: 400;\">Por correo electr\u00f3nico: <a class=\"_ymio1r31 _ypr0glyw _zcxs1o36 _mizu194a _1ah3dkaa _ra3xnqa1 _128mdkaa _1cvmnqa1 _4davt94y _4bfu18uv _1hms8stv _ajmmnqa1 _vchhusvi _kqswh2mm _syaz13af _ect41gqc _1a3b18uv _4fpr8stv _5goinqa1 _f8pj13af _9oik18uv _1bnxglyw _jf4cnqa1 _30l313af _1nrm18uv _c2waglyw _1iohnqa1 _9h8h12zz _10531ra0 _1ien1ra0 _n0fx1ra0 _1vhv17z1\" title=\"mailto:support@insuredbyponcho.com\" href=\"mailto:support@insuredbyponcho.com\" data-renderer-mark=\"true\">support@insuredbyponcho.com<\/a><\/span><\/li><li style=\"font-weight: 400;\" aria-level=\"1\"><span style=\"font-weight: 400;\">Por n\u00famero de tel\u00e9fono: (407) 750-8800<\/span><\/li><\/ul><h2> <\/h2>\t\t\t\t\t\t\t\t<\/div>\n\t\t\t\t<\/div>\n\t\t\t\t\t<\/div>\n\t\t\t\t<\/div>\n\t\t\t\t<\/div>\n\t\t","protected":false},"excerpt":{"rendered":"<p>T\u00e9rminos de servicio \u00daltima actualizaci\u00f3n: 21\/08\/2025 Lea atentamente estos T\u00e9rminos de servicio (\u00abT\u00e9rminos\u00bb, \u00abT\u00e9rminos de servicio\u00bb) antes de utilizar el sitio web https:\/\/ponchoinsurance.com\/ (el \u00abServicio\u00bb) operado por Poncho Insurance (\u00abnosotros\u00bb, \u00abnos\u00bb o \u00abnuestro\u00bb). Su acceso y uso del Servicio est\u00e1n condicionados a su aceptaci\u00f3n y cumplimiento de estos T\u00e9rminos. Estos T\u00e9rminos se aplican a todos [&hellip;]<\/p>\n","protected":false},"author":1,"featured_media":3131,"parent":0,"menu_order":0,"comment_status":"closed","ping_status":"open","template":"","meta":{"footnotes":""},"class_list":["post-3129","page","type-page","status-publish","has-post-thumbnail","hentry"],"yoast_head":"<!-- This site is optimized with the Yoast SEO plugin v27.4 - https:\/\/yoast.com\/product\/yoast-seo-wordpress\/ -->\n<title>T\u00e9rminos de servicio - Seguros Poncho<\/title>\n<meta name=\"description\" content=\"Lea atentamente estos T\u00e9rminos de servicio (\u00abT\u00e9rminos\u00bb, \u00abT\u00e9rminos de servicio\u00bb) antes de utilizar el sitio web https:\/\/ponchoinsurance.com\/ (el \u00abServicio\u00bb) operado por Poncho Insurance (\u00abnosotros\u00bb, \u00abnos\u00bb o \u00abnuestro\u00bb).\" \/>\n<meta name=\"robots\" content=\"index, follow, max-snippet:-1, max-image-preview:large, max-video-preview:-1\" \/>\n<link rel=\"canonical\" href=\"https:\/\/ponchoinsurance.com\/es\/terminos-de-servicio\/\" \/>\n<meta property=\"og:locale\" content=\"es_ES\" \/>\n<meta property=\"og:type\" content=\"article\" \/>\n<meta property=\"og:title\" content=\"T\u00e9rminos de servicio - Seguros Poncho\" \/>\n<meta property=\"og:description\" content=\"Lea atentamente estos T\u00e9rminos de servicio (\u00abT\u00e9rminos\u00bb, \u00abT\u00e9rminos de servicio\u00bb) antes de utilizar el sitio web https:\/\/ponchoinsurance.com\/ (el \u00abServicio\u00bb) operado por Poncho Insurance (\u00abnosotros\u00bb, \u00abnos\u00bb o \u00abnuestro\u00bb).\" \/>\n<meta property=\"og:url\" content=\"https:\/\/ponchoinsurance.com\/es\/terminos-de-servicio\/\" \/>\n<meta property=\"og:site_name\" content=\"Seguros Poncho\" \/>\n<meta property=\"article:modified_time\" content=\"2025-11-27T17:04:34+00:00\" \/>\n<meta property=\"og:image\" content=\"https:\/\/ponchoinsurance.com\/wp-content\/uploads\/2025\/08\/Image_fx-2025-08-11T165849.webp\" \/>\n\t<meta property=\"og:image:width\" content=\"1408\" \/>\n\t<meta property=\"og:image:height\" content=\"768\" \/>\n\t<meta property=\"og:image:type\" content=\"image\/webp\" \/>\n<meta name=\"twitter:card\" content=\"summary_large_image\" \/>\n<meta name=\"twitter:label1\" content=\"Tiempo de lectura\" \/>\n\t<meta name=\"twitter:data1\" content=\"2 minutos\" \/>\n<script type=\"application\/ld+json\" class=\"yoast-schema-graph\">{\"@context\":\"https:\\\/\\\/schema.org\",\"@graph\":[{\"@type\":\"WebPage\",\"@id\":\"https:\\\/\\\/ponchoinsurance.com\\\/es\\\/terminos-de-servicio\\\/\",\"url\":\"https:\\\/\\\/ponchoinsurance.com\\\/es\\\/terminos-de-servicio\\\/\",\"name\":\"T\u00e9rminos de servicio - Seguros Poncho\",\"isPartOf\":{\"@id\":\"https:\\\/\\\/ponchoinsurance.com\\\/es\\\/#website\"},\"primaryImageOfPage\":{\"@id\":\"https:\\\/\\\/ponchoinsurance.com\\\/es\\\/terminos-de-servicio\\\/#primaryimage\"},\"image\":{\"@id\":\"https:\\\/\\\/ponchoinsurance.com\\\/es\\\/terminos-de-servicio\\\/#primaryimage\"},\"thumbnailUrl\":\"https:\\\/\\\/ponchoinsurance.com\\\/wp-content\\\/uploads\\\/2025\\\/08\\\/Image_fx-2025-08-11T165849.webp\",\"datePublished\":\"2025-08-21T18:27:19+00:00\",\"dateModified\":\"2025-11-27T17:04:34+00:00\",\"description\":\"Lea atentamente estos T\u00e9rminos de servicio (\u00abT\u00e9rminos\u00bb, \u00abT\u00e9rminos de servicio\u00bb) antes de utilizar el sitio web https:\\\/\\\/ponchoinsurance.com\\\/ (el \u00abServicio\u00bb) operado por Poncho Insurance (\u00abnosotros\u00bb, \u00abnos\u00bb o \u00abnuestro\u00bb).\",\"breadcrumb\":{\"@id\":\"https:\\\/\\\/ponchoinsurance.com\\\/es\\\/terminos-de-servicio\\\/#breadcrumb\"},\"inLanguage\":\"es\",\"potentialAction\":[{\"@type\":\"ReadAction\",\"target\":[\"https:\\\/\\\/ponchoinsurance.com\\\/es\\\/terminos-de-servicio\\\/\"]}]},{\"@type\":\"ImageObject\",\"inLanguage\":\"es\",\"@id\":\"https:\\\/\\\/ponchoinsurance.com\\\/es\\\/terminos-de-servicio\\\/#primaryimage\",\"url\":\"https:\\\/\\\/ponchoinsurance.com\\\/wp-content\\\/uploads\\\/2025\\\/08\\\/Image_fx-2025-08-11T165849.webp\",\"contentUrl\":\"https:\\\/\\\/ponchoinsurance.com\\\/wp-content\\\/uploads\\\/2025\\\/08\\\/Image_fx-2025-08-11T165849.webp\",\"width\":1408,\"height\":768,\"caption\":\"Un hombre bien vestido con traje y corbata posa frente a una compa\u00f1\u00eda de seguros, lo que representa el profesionalismo corporativo.\"},{\"@type\":\"BreadcrumbList\",\"@id\":\"https:\\\/\\\/ponchoinsurance.com\\\/es\\\/terminos-de-servicio\\\/#breadcrumb\",\"itemListElement\":[{\"@type\":\"ListItem\",\"position\":1,\"name\":\"Inicio\",\"item\":\"https:\\\/\\\/ponchoinsurance.com\\\/es\\\/\"},{\"@type\":\"ListItem\",\"position\":2,\"name\":\"T\u00e9rminos de servicio\"}]},{\"@type\":\"WebSite\",\"@id\":\"https:\\\/\\\/ponchoinsurance.com\\\/es\\\/#website\",\"url\":\"https:\\\/\\\/ponchoinsurance.com\\\/es\\\/\",\"name\":\"Poncho Insurance\",\"description\":\"Una compa\u00f1\u00eda de seguros creada para su generaci\u00f3n.\",\"publisher\":{\"@id\":\"https:\\\/\\\/ponchoinsurance.com\\\/es\\\/#organization\"},\"potentialAction\":[{\"@type\":\"SearchAction\",\"target\":{\"@type\":\"EntryPoint\",\"urlTemplate\":\"https:\\\/\\\/ponchoinsurance.com\\\/es\\\/?s={search_term_string}\"},\"query-input\":{\"@type\":\"PropertyValueSpecification\",\"valueRequired\":true,\"valueName\":\"search_term_string\"}}],\"inLanguage\":\"es\"},{\"@type\":\"Organization\",\"@id\":\"https:\\\/\\\/ponchoinsurance.com\\\/es\\\/#organization\",\"name\":\"Seguros Poncho\",\"url\":\"https:\\\/\\\/ponchoinsurance.com\\\/es\\\/\",\"logo\":{\"@type\":\"ImageObject\",\"inLanguage\":\"es\",\"@id\":\"https:\\\/\\\/ponchoinsurance.com\\\/es\\\/#\\\/schema\\\/logo\\\/image\\\/\",\"url\":\"https:\\\/\\\/ponchoinsurance.com\\\/wp-content\\\/uploads\\\/2025\\\/07\\\/PonchoLogonegro.png\",\"contentUrl\":\"https:\\\/\\\/ponchoinsurance.com\\\/wp-content\\\/uploads\\\/2025\\\/07\\\/PonchoLogonegro.png\",\"width\":2084,\"height\":794,\"caption\":\"Seguros Poncho\"},\"image\":{\"@id\":\"https:\\\/\\\/ponchoinsurance.com\\\/es\\\/#\\\/schema\\\/logo\\\/image\\\/\"}}]}<\/script>\n<!-- \/ Yoast SEO plugin. -->","yoast_head_json":{"title":"T\u00e9rminos de servicio - Seguros Poncho","description":"Lea atentamente estos T\u00e9rminos de servicio (\u00abT\u00e9rminos\u00bb, \u00abT\u00e9rminos de servicio\u00bb) antes de utilizar el sitio web https:\/\/ponchoinsurance.com\/ (el \u00abServicio\u00bb) operado por Poncho Insurance (\u00abnosotros\u00bb, \u00abnos\u00bb o \u00abnuestro\u00bb).","robots":{"index":"index","follow":"follow","max-snippet":"max-snippet:-1","max-image-preview":"max-image-preview:large","max-video-preview":"max-video-preview:-1"},"canonical":"https:\/\/ponchoinsurance.com\/es\/terminos-de-servicio\/","og_locale":"es_ES","og_type":"article","og_title":"T\u00e9rminos de servicio - Seguros Poncho","og_description":"Lea atentamente estos T\u00e9rminos de servicio (\u00abT\u00e9rminos\u00bb, \u00abT\u00e9rminos de servicio\u00bb) antes de utilizar el sitio web https:\/\/ponchoinsurance.com\/ (el \u00abServicio\u00bb) operado por Poncho Insurance (\u00abnosotros\u00bb, \u00abnos\u00bb o \u00abnuestro\u00bb).","og_url":"https:\/\/ponchoinsurance.com\/es\/terminos-de-servicio\/","og_site_name":"Seguros Poncho","article_modified_time":"2025-11-27T17:04:34+00:00","og_image":[{"width":1408,"height":768,"url":"https:\/\/ponchoinsurance.com\/wp-content\/uploads\/2025\/08\/Image_fx-2025-08-11T165849.webp","type":"image\/webp"}],"twitter_card":"summary_large_image","twitter_misc":{"Tiempo de lectura":"2 minutos"},"schema":{"@context":"https:\/\/schema.org","@graph":[{"@type":"WebPage","@id":"https:\/\/ponchoinsurance.com\/es\/terminos-de-servicio\/","url":"https:\/\/ponchoinsurance.com\/es\/terminos-de-servicio\/","name":"T\u00e9rminos de servicio - Seguros Poncho","isPartOf":{"@id":"https:\/\/ponchoinsurance.com\/es\/#website"},"primaryImageOfPage":{"@id":"https:\/\/ponchoinsurance.com\/es\/terminos-de-servicio\/#primaryimage"},"image":{"@id":"https:\/\/ponchoinsurance.com\/es\/terminos-de-servicio\/#primaryimage"},"thumbnailUrl":"https:\/\/ponchoinsurance.com\/wp-content\/uploads\/2025\/08\/Image_fx-2025-08-11T165849.webp","datePublished":"2025-08-21T18:27:19+00:00","dateModified":"2025-11-27T17:04:34+00:00","description":"Lea atentamente estos T\u00e9rminos de servicio (\u00abT\u00e9rminos\u00bb, \u00abT\u00e9rminos de servicio\u00bb) antes de utilizar el sitio web https:\/\/ponchoinsurance.com\/ (el \u00abServicio\u00bb) operado por Poncho Insurance (\u00abnosotros\u00bb, \u00abnos\u00bb o \u00abnuestro\u00bb).","breadcrumb":{"@id":"https:\/\/ponchoinsurance.com\/es\/terminos-de-servicio\/#breadcrumb"},"inLanguage":"es","potentialAction":[{"@type":"ReadAction","target":["https:\/\/ponchoinsurance.com\/es\/terminos-de-servicio\/"]}]},{"@type":"ImageObject","inLanguage":"es","@id":"https:\/\/ponchoinsurance.com\/es\/terminos-de-servicio\/#primaryimage","url":"https:\/\/ponchoinsurance.com\/wp-content\/uploads\/2025\/08\/Image_fx-2025-08-11T165849.webp","contentUrl":"https:\/\/ponchoinsurance.com\/wp-content\/uploads\/2025\/08\/Image_fx-2025-08-11T165849.webp","width":1408,"height":768,"caption":"Un hombre bien vestido con traje y corbata posa frente a una compa\u00f1\u00eda de seguros, lo que representa el profesionalismo corporativo."},{"@type":"BreadcrumbList","@id":"https:\/\/ponchoinsurance.com\/es\/terminos-de-servicio\/#breadcrumb","itemListElement":[{"@type":"ListItem","position":1,"name":"Inicio","item":"https:\/\/ponchoinsurance.com\/es\/"},{"@type":"ListItem","position":2,"name":"T\u00e9rminos de servicio"}]},{"@type":"WebSite","@id":"https:\/\/ponchoinsurance.com\/es\/#website","url":"https:\/\/ponchoinsurance.com\/es\/","name":"Poncho Insurance","description":"Una compa\u00f1\u00eda de seguros creada para su generaci\u00f3n.","publisher":{"@id":"https:\/\/ponchoinsurance.com\/es\/#organization"},"potentialAction":[{"@type":"SearchAction","target":{"@type":"EntryPoint","urlTemplate":"https:\/\/ponchoinsurance.com\/es\/?s={search_term_string}"},"query-input":{"@type":"PropertyValueSpecification","valueRequired":true,"valueName":"search_term_string"}}],"inLanguage":"es"},{"@type":"Organization","@id":"https:\/\/ponchoinsurance.com\/es\/#organization","name":"Seguros Poncho","url":"https:\/\/ponchoinsurance.com\/es\/","logo":{"@type":"ImageObject","inLanguage":"es","@id":"https:\/\/ponchoinsurance.com\/es\/#\/schema\/logo\/image\/","url":"https:\/\/ponchoinsurance.com\/wp-content\/uploads\/2025\/07\/PonchoLogonegro.png","contentUrl":"https:\/\/ponchoinsurance.com\/wp-content\/uploads\/2025\/07\/PonchoLogonegro.png","width":2084,"height":794,"caption":"Seguros Poncho"},"image":{"@id":"https:\/\/ponchoinsurance.com\/es\/#\/schema\/logo\/image\/"}}]}},"_links":{"self":[{"href":"https:\/\/ponchoinsurance.com\/es\/wp-json\/wp\/v2\/pages\/3129","targetHints":{"allow":["GET"]}}],"collection":[{"href":"https:\/\/ponchoinsurance.com\/es\/wp-json\/wp\/v2\/pages"}],"about":[{"href":"https:\/\/ponchoinsurance.com\/es\/wp-json\/wp\/v2\/types\/page"}],"author":[{"embeddable":true,"href":"https:\/\/ponchoinsurance.com\/es\/wp-json\/wp\/v2\/users\/1"}],"replies":[{"embeddable":true,"href":"https:\/\/ponchoinsurance.com\/es\/wp-json\/wp\/v2\/comments?post=3129"}],"version-history":[{"count":0,"href":"https:\/\/ponchoinsurance.com\/es\/wp-json\/wp\/v2\/pages\/3129\/revisions"}],"wp:featuredmedia":[{"embeddable":true,"href":"https:\/\/ponchoinsurance.com\/es\/wp-json\/wp\/v2\/media\/3131"}],"wp:attachment":[{"href":"https:\/\/ponchoinsurance.com\/es\/wp-json\/wp\/v2\/media?parent=3129"}],"curies":[{"name":"wp","href":"https:\/\/api.w.org\/{rel}","templated":true}]}}